{"id":1492,"date":"2024-02-11T13:43:22","date_gmt":"2024-02-11T13:43:22","guid":{"rendered":"https:\/\/medsukiai.lt\/?page_id=1492"},"modified":"2024-02-11T13:55:27","modified_gmt":"2024-02-11T13:55:27","slug":"slapuku-politika","status":"publish","type":"page","link":"https:\/\/medsukiai.lt\/en\/slapuku-politika\/","title":{"rendered":"Cookie policy"},"content":{"rendered":"<div data-elementor-type=\"wp-page\" data-elementor-id=\"1492\" class=\"elementor elementor-1492\" data-elementor-post-type=\"page\">\n\t\t\t\t\t\t<section class=\"elementor-section elementor-top-section elementor-element elementor-element-efc5fed elementor-section-boxed elementor-section-height-default elementor-section-height-default\" data-id=\"efc5fed\" data-element_type=\"section\" data-e-type=\"section\">\n\t\t\t\t\t\t<div class=\"elementor-container elementor-column-gap-default\">\n\t\t\t\t\t<div class=\"elementor-column elementor-col-100 elementor-top-column elementor-element elementor-element-303adeb\" data-id=\"303adeb\" data-element_type=\"column\" data-e-type=\"column\">\n\t\t\t<div class=\"elementor-widget-wrap elementor-element-populated\">\n\t\t\t\t\t\t<div class=\"elementor-element elementor-element-3659cf0 elementor-widget elementor-widget-accordion\" data-id=\"3659cf0\" data-element_type=\"widget\" data-e-type=\"widget\" data-widget_type=\"accordion.default\">\n\t\t\t\t<div class=\"elementor-widget-container\">\n\t\t\t\t\t\t\t<div class=\"elementor-accordion\">\n\t\t\t\t\t\t\t<div class=\"elementor-accordion-item\">\n\t\t\t\t\t<div id=\"elementor-tab-title-5691\" class=\"elementor-tab-title\" data-tab=\"1\" role=\"button\" aria-controls=\"elementor-tab-content-5691\" aria-expanded=\"false\">\n\t\t\t\t\t\t\t\t\t\t\t\t\t<span class=\"elementor-accordion-icon elementor-accordion-icon-left\" aria-hidden=\"true\">\n\t\t\t\t\t\t\t\t\t\t\t\t\t\t\t<span class=\"elementor-accordion-icon-closed\"><svg class=\"e-font-icon-svg e-fas-chevron-circle-right\" viewbox=\"0 0 512 512\" xmlns=\"http:\/\/www.w3.org\/2000\/svg\"><path d=\"M256 8c137 0 248 111 248 248S393 504 256 504 8 393 8 256 119 8 256 8zm113.9 231L234.4 103.5c-9.4-9.4-24.6-9.4-33.9 0l-17 17c-9.4 9.4-9.4 24.6 0 33.9L285.1 256 183.5 357.6c-9.4 9.4-9.4 24.6 0 33.9l17 17c9.4 9.4 24.6 9.4 33.9 0L369.9 273c9.4-9.4 9.4-24.6 0-34z\"><\/path><\/svg><\/span>\n\t\t\t\t\t\t\t\t<span class=\"elementor-accordion-icon-opened\"><svg class=\"e-font-icon-svg e-fas-chevron-circle-down\" viewbox=\"0 0 512 512\" xmlns=\"http:\/\/www.w3.org\/2000\/svg\"><path d=\"M504 256c0 137-111 248-248 248S8 393 8 256 119 8 256 8s248 111 248 248zM273 369.9l135.5-135.5c9.4-9.4 9.4-24.6 0-33.9l-17-17c-9.4-9.4-24.6-9.4-33.9 0L256 285.1 154.4 183.5c-9.4-9.4-24.6-9.4-33.9 0l-17 17c-9.4 9.4-9.4 24.6 0 33.9L239 369.9c9.4 9.4 24.6 9.4 34 0z\"><\/path><\/svg><\/span>\n\t\t\t\t\t\t\t\t\t\t\t\t\t\t<\/span>\n\t\t\t\t\t\t\t\t\t\t\t\t<a class=\"elementor-accordion-title\" tabindex=\"0\">1. Slapuk\u0173 naudojimo politika<\/a>\n\t\t\t\t\t<\/div>\n\t\t\t\t\t<div id=\"elementor-tab-content-5691\" class=\"elementor-tab-content elementor-clearfix\" data-tab=\"1\" role=\"region\" aria-labelledby=\"elementor-tab-title-5691\"><p><strong>1.1. Apie slapukus<\/strong><br \/>Interneto svetain\u0117se naudojami i\u0161man\u016bs ir naudingi metodai siekiant padidinti j\u0173 patogum\u0105 ir padaryti jas kuo \u012fdomesnes kiekvienam lankytojui. Vienas i\u0161 geriausiai \u017einom\u0173 metod\u0173 yra susij\u0119s su slapukais. Interneto svetaini\u0173 savininkai ar tre\u010diosios \u0161alys, pavyzd\u017eiui, reklamuotojai, kurie reklamuojasi j\u016bs\u0173 lankomoje interneto svetain\u0117je, naudoja slapukus.<\/p><p>Slapukai \u2013 tai ma\u017ei tekstiniai failai, kuriuos interneto svetain\u0117s i\u0161saugo naudotoj\u0173 kompiuteriuose. Slapukuose esanti informacija taip pat gali b\u016bti naudojama j\u016bs\u0173 nar\u0161ymui \u012fvairiose interneto svetain\u0117se, kurios naudoja t\u0105 pat\u012f slapuk\u0105, sekti.<\/p><p>Slapukai yra skirstomi pagal trukm\u0119 ir tai, kas juos nustato.<\/p><p>Manome, kad svarbu jus informuoti apie slapukus, kuriuos naudoja m\u016bs\u0173 interneto svetain\u0117 ir kokiais tikslais jie yra naudojami. Informavimo tikslas yra trejopas \u2013 norime kuo geriau u\u017etikrinti j\u016bs\u0173 privatum\u0105, patogum\u0105 ir m\u016bs\u0173 interneto svetain\u0117s vystym\u0105. \u0160iame paai\u0161kinime pateikiama daugiau informacijos apie m\u016bs\u0173 interneto svetain\u0117je naudojamus slapukus ir j\u0173 naudojimo tikslus.<\/p><\/div>\n\t\t\t\t<\/div>\n\t\t\t\t\t\t\t<div class=\"elementor-accordion-item\">\n\t\t\t\t\t<div id=\"elementor-tab-title-5692\" class=\"elementor-tab-title\" data-tab=\"2\" role=\"button\" aria-controls=\"elementor-tab-content-5692\" aria-expanded=\"false\">\n\t\t\t\t\t\t\t\t\t\t\t\t\t<span class=\"elementor-accordion-icon elementor-accordion-icon-left\" aria-hidden=\"true\">\n\t\t\t\t\t\t\t\t\t\t\t\t\t\t\t<span class=\"elementor-accordion-icon-closed\"><svg class=\"e-font-icon-svg e-fas-chevron-circle-right\" viewbox=\"0 0 512 512\" xmlns=\"http:\/\/www.w3.org\/2000\/svg\"><path d=\"M256 8c137 0 248 111 248 248S393 504 256 504 8 393 8 256 119 8 256 8zm113.9 231L234.4 103.5c-9.4-9.4-24.6-9.4-33.9 0l-17 17c-9.4 9.4-9.4 24.6 0 33.9L285.1 256 183.5 357.6c-9.4 9.4-9.4 24.6 0 33.9l17 17c9.4 9.4 24.6 9.4 33.9 0L369.9 273c9.4-9.4 9.4-24.6 0-34z\"><\/path><\/svg><\/span>\n\t\t\t\t\t\t\t\t<span class=\"elementor-accordion-icon-opened\"><svg class=\"e-font-icon-svg e-fas-chevron-circle-down\" viewbox=\"0 0 512 512\" xmlns=\"http:\/\/www.w3.org\/2000\/svg\"><path d=\"M504 256c0 137-111 248-248 248S8 393 8 256 119 8 256 8s248 111 248 248zM273 369.9l135.5-135.5c9.4-9.4 9.4-24.6 0-33.9l-17-17c-9.4-9.4-24.6-9.4-33.9 0L256 285.1 154.4 183.5c-9.4-9.4-24.6-9.4-33.9 0l-17 17c-9.4 9.4-9.4 24.6 0 33.9L239 369.9c9.4 9.4 24.6 9.4 34 0z\"><\/path><\/svg><\/span>\n\t\t\t\t\t\t\t\t\t\t\t\t\t\t<\/span>\n\t\t\t\t\t\t\t\t\t\t\t\t<a class=\"elementor-accordion-title\" tabindex=\"0\">2. Kaip \u201eMedsukiai.lt\" ir (arba) m\u016bs\u0173 filialai ir prekini\u0173 \u017eenkl\u0173 svetain\u0117s naudoja slapukus<\/a>\n\t\t\t\t\t<\/div>\n\t\t\t\t\t<div id=\"elementor-tab-content-5692\" class=\"elementor-tab-content elementor-clearfix\" data-tab=\"2\" role=\"region\" aria-labelledby=\"elementor-tab-title-5692\"><p>\u201emedsukiai.lt&#8221; naudoja slapukus lankytoj\u0173 statistiniams duomenims rinkti ir informacijai apie j\u016bs\u0173 pasirinkimus, kai nar\u0161ote po interneto svetaines, \u012fra\u0161yti. M\u016bs\u0173 slapuk\u0173 naudojimo tikslas \u2013 pagerinti jums, kaip lankytojui, interneto svetain\u0117s naudojimo patirt\u012f.<\/p><\/div>\n\t\t\t\t<\/div>\n\t\t\t\t\t\t\t<div class=\"elementor-accordion-item\">\n\t\t\t\t\t<div id=\"elementor-tab-title-5693\" class=\"elementor-tab-title\" data-tab=\"3\" role=\"button\" aria-controls=\"elementor-tab-content-5693\" aria-expanded=\"false\">\n\t\t\t\t\t\t\t\t\t\t\t\t\t<span class=\"elementor-accordion-icon elementor-accordion-icon-left\" aria-hidden=\"true\">\n\t\t\t\t\t\t\t\t\t\t\t\t\t\t\t<span class=\"elementor-accordion-icon-closed\"><svg class=\"e-font-icon-svg e-fas-chevron-circle-right\" viewbox=\"0 0 512 512\" xmlns=\"http:\/\/www.w3.org\/2000\/svg\"><path d=\"M256 8c137 0 248 111 248 248S393 504 256 504 8 393 8 256 119 8 256 8zm113.9 231L234.4 103.5c-9.4-9.4-24.6-9.4-33.9 0l-17 17c-9.4 9.4-9.4 24.6 0 33.9L285.1 256 183.5 357.6c-9.4 9.4-9.4 24.6 0 33.9l17 17c9.4 9.4 24.6 9.4 33.9 0L369.9 273c9.4-9.4 9.4-24.6 0-34z\"><\/path><\/svg><\/span>\n\t\t\t\t\t\t\t\t<span class=\"elementor-accordion-icon-opened\"><svg class=\"e-font-icon-svg e-fas-chevron-circle-down\" viewbox=\"0 0 512 512\" xmlns=\"http:\/\/www.w3.org\/2000\/svg\"><path d=\"M504 256c0 137-111 248-248 248S8 393 8 256 119 8 256 8s248 111 248 248zM273 369.9l135.5-135.5c9.4-9.4 9.4-24.6 0-33.9l-17-17c-9.4-9.4-24.6-9.4-33.9 0L256 285.1 154.4 183.5c-9.4-9.4-24.6-9.4-33.9 0l-17 17c-9.4 9.4-9.4 24.6 0 33.9L239 369.9c9.4 9.4 24.6 9.4 34 0z\"><\/path><\/svg><\/span>\n\t\t\t\t\t\t\t\t\t\t\t\t\t\t<\/span>\n\t\t\t\t\t\t\t\t\t\t\t\t<a class=\"elementor-accordion-title\" tabindex=\"0\">3. Slapukai ir j\u0173 funkcijos<\/a>\n\t\t\t\t\t<\/div>\n\t\t\t\t\t<div id=\"elementor-tab-content-5693\" class=\"elementor-tab-content elementor-clearfix\" data-tab=\"3\" role=\"region\" aria-labelledby=\"elementor-tab-title-5693\"><p>Skirting\u0173 r\u016b\u0161i\u0173 slapukai yra naudojami skirtingiems tikslams.<br \/>Toliau pateikiamas da\u017eniausiai sutinkam\u0173 slapuk\u0173 r\u016b\u0161i\u0173 s\u0105ra\u0161as ir paai\u0161kinama, kam jie naudojami.<\/p><p><strong>3.1. Seanso slapukai<\/strong><br \/>Seanso slapukas yra laikinai i\u0161saugomas j\u016bs\u0173 kompiuterio atmintyje, kol j\u016bs nar\u0161ote interneto svetain\u0117je, pavyzd\u017eiui, kad b\u016bt\u0173 galima sekti, koki\u0105 kalb\u0105 pasirinkote. Seanso slapukai j\u016bs\u0173 kompiuterio atmintyje ilg\u0105 laik\u0105 nesaugomi, jie visada i\u0161nyksta, kai i\u0161jungiate savo \u017einiatinklio nar\u0161ykl\u0119.<\/p><p><strong>3.2. Ilgalaikiai ar sekimo slapukai<\/strong><br \/>Ilgalaikis slapukas i\u0161saugo fail\u0105 j\u016bs\u0173 kompiuteryje ilgam laikui; tokios r\u016b\u0161ies slapukas turi galiojimo dat\u0105. Ilgalaikiai slapukai padeda interneto svetain\u0117ms \u012fsiminti j\u016bs\u0173 informacij\u0105 ir nustatymus, kai lankysit\u0117s ateityje. Tai lemia greitesn\u0119 ir patogesn\u0119 prieig\u0105, nes, pavyzd\u017eiui, jums nereikia i\u0161 naujo prisijungti.<\/p><p>Pasibaigus galiojimo laikui slapukas automati\u0161kai pa\u0161alinamas, kai gr\u012f\u017etate \u012f j\u012f suk\u016brusi\u0105 interneto svetain\u0119.<\/p><p><strong>3.3. Lankomos svetain\u0117s slapukai<\/strong><br \/>Juos nustato pati interneto svetain\u0117 (ta pati sritis kaip nar\u0161ykl\u0117s adreso juostoje) ir gali nuskaityti tik ta svetain\u0117. \u0160ie slapukai paprastai yra naudojami tokiai informacijai kaip j\u016bs\u0173 pasirinkimai i\u0161saugoti, kad b\u016bt\u0173 galima panaudoti jums v\u0117l apsilankius svetain\u0117je.<\/p><p><strong>3.4. Tre\u010di\u0173j\u0173 \u0161ali\u0173 slapukai<\/strong><br \/>Juos nustato skirtingi vardai (domenai), rodomi nar\u0161ykl\u0117s adreso juostoje, t. y. ne lankomos interneto svetain\u0117s savininkai.<\/p><p>\u0160ie slapukai, pavyzd\u017eiui, yra naudojami rinkti informacij\u0105 reklamai ir naudotojo turiniui. Taip pat tre\u010di\u0173j\u0173 \u0161ali\u0173 slapukai gali b\u016bti naudojami rinkti statistinius duomenis .<\/p><p>Kadangi su tre\u010di\u0173j\u0173 \u0161ali\u0173 slapukais galima sukurti visapusi\u0161kesnes apklausas apie naudotoj\u0173 nar\u0161ymo \u012fpro\u010dius, jie laikomi jautresniais lankytoj\u0173 at\u017evilgiu, tod\u0117l dauguma \u017einiatinklio nar\u0161ykli\u0173 leid\u017eia koreguoti nustatymus ir nepriimti tre\u010di\u0173j\u0173 \u0161ali\u0173 slapuk\u0173.<\/p><p><strong>3.5. \u201eFlash&#8221; slapukai<\/strong><br \/>\u201eFlash&#8221; slapukai (vietiniai bendri objektai) yra duomen\u0173 elementai, kuriuos interneto svetain\u0117s, naudojan\u010dios \u201eAdobe Flash&#8221;, gali i\u0161saugoti j\u016bs\u0173 kompiuteryje.<\/p><p>\u201eFlash&#8221; slapukai yra naujas j\u016bs\u0173 lankomumo sekimo ir didesnio kiekio informacijos apie jus nei naudojant \u012fprastus slapukus i\u0161saugojimo b\u016bdas. Vienas pagrindini\u0173 \u201eflash&#8221; slapuk\u0173 tr\u016bkumas yra tas, kad j\u016bs negalite rasti j\u0173 savo nar\u0161ykl\u0117je. Jie nerodomi slapuk\u0173 s\u0105ra\u0161e, kur\u012f matote, kai per\u017ei\u016brite \u0161iuo metu i\u0161saugotus slapukus savo \u017einiatinklio nar\u0161ykl\u0117je. \u012eprasti HTTP slapukai negali i\u0161saugoti daugiau kaip 4 kilobait\u0173 duomen\u0173, o \u201eFlash&#8221; slapukai gali i\u0161saugoti iki 100 kilobait\u0173.<\/p><p>\u201eFlash&#8221; slapuk\u0173 techninis dizainas yra pana\u0161us \u012f kit\u0173 slapuk\u0173. Beveik visose \u017einiatinklio nar\u0161ykl\u0117se yra \u201eFlash&#8221; leistuvas, naudojamas \u201eFlash&#8221; pristatymams rodyti. Vienas gerai \u017einomas \u201eFlash&#8221; pristatym\u0173 pavyzdys yra vaizdo leistuvas \u201eYouTube&#8221; vaizdo \u012fra\u0161\u0173 svetain\u0117je. (\u201eFlash&#8221; slapukai yra ne tik susij\u0119 su \u201eYouTube&#8221;, bet jie taikomi visoms interneto svetain\u0117ms, naudojan\u010dioms \u201eFlash&#8221; slapukus.)<\/p><p>\u201eFlash&#8221; slapukai neturi laiko apribojimo. Jie bus tol, kol nebus pa\u0161alinti.<\/p><p><strong>3.5.1. Kaip i\u0161jungti \u201eFlash&#8221; slapukus<\/strong><br \/>Nar\u0161ykl\u0117je negalima u\u017eblokuoti ar valdyti \u201eFlash&#8221; slapuk\u0173, nes jie yra i\u0161saugoti kitoje vietoje \u2013 \u201eAdobe&#8221; svetain\u0117s internetin\u0117s nustatym\u0173 tvarkykl\u0117s bendr\u0173 i\u0161saugojimo nustatym\u0173 pulte.<\/p><p>Nustatym\u0173 tvarkykl\u0119 galima pasiekti \u201eAdobe&#8221; interneto svetain\u0117je, bet ji veikia vietoje, j\u016bs\u0173 kompiuteryje. \u017diniatinklio i\u0161saugojimo nustatymuose rodomi visi \u201eFlash&#8221; slapukai, kurie \u0161iuo metu yra i\u0161saugoti j\u016bs\u0173 kompiuteryje. Galite pa\u0161alinti \u201eflash&#8221; slapukus i\u0161 atskir\u0173 svetaini\u0173 arba visus i\u0161 karto. Taip pat galima padidinti arba suma\u017einti visos informacijos, kuri yra saugoma j\u016bs\u0173 kompiuteryje, kilobait\u0173 dyd\u012f.<\/p><p>\u201eFlash&#8221; slapukai nebus saugomi, jeigu nu\u0117j\u0119 \u012f bendrus i\u0161saugojimo nustatymus i\u0161jungsite parinkt\u012f \u201eLeisti tre\u010diosios \u0161alies \u201eFlash&#8221; turiniui i\u0161saugoti duomenis j\u016bs\u0173 kompiuteryje&#8221;.<\/p><p>Jeigu norite i\u0161jungti \u201eFlash&#8221; slapukus atskirose svetain\u0117se, t\u0105 galite padaryti nustatym\u0173 tvarkykl\u0117je.<\/p><\/div>\n\t\t\t\t<\/div>\n\t\t\t\t\t\t\t<div class=\"elementor-accordion-item\">\n\t\t\t\t\t<div id=\"elementor-tab-title-5694\" class=\"elementor-tab-title\" data-tab=\"4\" role=\"button\" aria-controls=\"elementor-tab-content-5694\" aria-expanded=\"false\">\n\t\t\t\t\t\t\t\t\t\t\t\t\t<span class=\"elementor-accordion-icon elementor-accordion-icon-left\" aria-hidden=\"true\">\n\t\t\t\t\t\t\t\t\t\t\t\t\t\t\t<span class=\"elementor-accordion-icon-closed\"><svg class=\"e-font-icon-svg e-fas-chevron-circle-right\" viewbox=\"0 0 512 512\" xmlns=\"http:\/\/www.w3.org\/2000\/svg\"><path d=\"M256 8c137 0 248 111 248 248S393 504 256 504 8 393 8 256 119 8 256 8zm113.9 231L234.4 103.5c-9.4-9.4-24.6-9.4-33.9 0l-17 17c-9.4 9.4-9.4 24.6 0 33.9L285.1 256 183.5 357.6c-9.4 9.4-9.4 24.6 0 33.9l17 17c9.4 9.4 24.6 9.4 33.9 0L369.9 273c9.4-9.4 9.4-24.6 0-34z\"><\/path><\/svg><\/span>\n\t\t\t\t\t\t\t\t<span class=\"elementor-accordion-icon-opened\"><svg class=\"e-font-icon-svg e-fas-chevron-circle-down\" viewbox=\"0 0 512 512\" xmlns=\"http:\/\/www.w3.org\/2000\/svg\"><path d=\"M504 256c0 137-111 248-248 248S8 393 8 256 119 8 256 8s248 111 248 248zM273 369.9l135.5-135.5c9.4-9.4 9.4-24.6 0-33.9l-17-17c-9.4-9.4-24.6-9.4-33.9 0L256 285.1 154.4 183.5c-9.4-9.4-24.6-9.4-33.9 0l-17 17c-9.4 9.4-9.4 24.6 0 33.9L239 369.9c9.4 9.4 24.6 9.4 34 0z\"><\/path><\/svg><\/span>\n\t\t\t\t\t\t\t\t\t\t\t\t\t\t<\/span>\n\t\t\t\t\t\t\t\t\t\t\t\t<a class=\"elementor-accordion-title\" tabindex=\"0\">4. Slapuk\u0173 valdymas<\/a>\n\t\t\t\t\t<\/div>\n\t\t\t\t\t<div id=\"elementor-tab-content-5694\" class=\"elementor-tab-content elementor-clearfix\" data-tab=\"4\" role=\"region\" aria-labelledby=\"elementor-tab-title-5694\"><p><strong>4.1. Kaip per\u017ei\u016br\u0117ti slapukus<\/strong><br \/>Kadangi slapukai yra paprasti tekstiniai failai, juos galima nar\u0161yti su daugeliu tekst\u0173 rengykli\u0173 ar ra\u0161ykli\u0173. Galite spustel\u0117ti slapuk\u0105 ir atverti j\u012f. Toliau pateikiamas nuorod\u0173 s\u0105ra\u0161as, kaip per\u017ei\u016br\u0117ti slapukus skirtingose nar\u0161ykl\u0117se. Jeigu naudojate kit\u0105 nar\u0161ykl\u0119, \u017ei\u016br\u0117kite nar\u0161ykli\u0173 slapuk\u0173 informacij\u0105. Jeigu naudojate i\u0161man\u0173j\u012f telefon\u0105, i\u0161samesn\u0117s informacijos rasite savo telefono vadove.<\/p><p>\u201eFirefox&#8221;<br \/><a href=\"https:\/\/support.mozilla.org\/en-US\/kb\/cookies-information-websites-store-on-your-computer\" target=\"_blank\" rel=\"noopener\">https:\/\/support.mozilla.org\/en-US\/kb\/cookies-information-websites-store-on-your-computer<\/a><\/p><p>\u201eChrome&#8221;<br \/><a href=\"https:\/\/support.google.com\/chrome\/bin\/answer.py?hl=en&amp;answer=95647&amp;topic=14666&amp;ctx=topic\" target=\"_blank\" rel=\"noopener\">https:\/\/support.google.com\/chrome\/bin\/answer.py?hl=en&amp;answer=95647&amp;topic=14666&amp;ctx=topic<\/a><\/p><p>\u201eInternet Explorer 8-11&#8243;<br \/><a href=\"http:\/\/windows.microsoft.com\/en-US\/internet-explorer\/delete-manage-cookies\" target=\"_blank\" rel=\"noopener\">http:\/\/windows.microsoft.com\/en-US\/internet-explorer\/delete-manage-cookies<\/a><\/p><p>Jeigu norite, kad interneto svetain\u0117s visi\u0161kai netalpint\u0173 j\u016bs\u0173 kompiuteryje slapuk\u0173, galite pritaikyti savo nar\u0161ykl\u0117s nustatymus taip, kad jums bus prane\u0161ta prie\u0161 patalpinant bet kok\u012f slapuk\u0105. Taip pat galite pritaikyti savo nustatymus taip, kad nar\u0161ykl\u0117 atmest\u0173 visus slapukus arba tik svetimus slapukus. Pana\u0161iai galite pa\u0161alinti savo slapukus, kurie jau buvo patalpinti kompiuteryje. Atkreipkite d\u0117mes\u012f, kad tur\u0117site atskirai pritaikyti nustatymus kiekvienai naudojamai nar\u0161yklei ir kompiuteriui.<\/p><p>Informuojame, kad jeigu nenorite slapuk\u0173, mes negal\u0117sime u\u017etikrinti, jog m\u016bs\u0173 interneto svetain\u0117 tinkamai veiks. Kai kurios svetain\u0117s funkcijos gali b\u016bti prarastos ir kai kuri\u0173 interneto svetaini\u0173 galite daugiau nematyti. Be to, atmet\u0119 slapukus neb\u016btinai nematysite joki\u0173 reklam\u0173. Tai rei\u0161kia, kad reklamos daugiau nebus pritaikomos prie j\u016bs\u0173 interes\u0173 ir bus da\u017eniau kartojamos.<\/p><p>Kiekviena nar\u0161ykl\u0117 turi skirting\u0105 nustatym\u0173 pritaikymo metod\u0105. Jeigu reikia, pasinaudokite savo nar\u0161ykl\u0117s \u017einyno funkcija, kad tinkamai atliktum\u0117te nustatymus.<\/p><p>Apie slapuk\u0173 i\u0161jungim\u0105 savo mobiliajame telefone i\u0161samesn\u0117s informacijos rasite savo telefono vadove.<\/p><p>Daugiau informacijos apie slapukus galite rasti internete\u00a0<a href=\"http:\/\/www.aboutcookies.org\/\" target=\"_blank\" rel=\"noopener\">http:\/\/www.aboutcookies.org\/<\/a><\/p><\/div>\n\t\t\t\t<\/div>\n\t\t\t\t\t\t\t<div class=\"elementor-accordion-item\">\n\t\t\t\t\t<div id=\"elementor-tab-title-5695\" class=\"elementor-tab-title\" data-tab=\"5\" role=\"button\" aria-controls=\"elementor-tab-content-5695\" aria-expanded=\"false\">\n\t\t\t\t\t\t\t\t\t\t\t\t\t<span class=\"elementor-accordion-icon elementor-accordion-icon-left\" aria-hidden=\"true\">\n\t\t\t\t\t\t\t\t\t\t\t\t\t\t\t<span class=\"elementor-accordion-icon-closed\"><svg class=\"e-font-icon-svg e-fas-chevron-circle-right\" viewbox=\"0 0 512 512\" xmlns=\"http:\/\/www.w3.org\/2000\/svg\"><path d=\"M256 8c137 0 248 111 248 248S393 504 256 504 8 393 8 256 119 8 256 8zm113.9 231L234.4 103.5c-9.4-9.4-24.6-9.4-33.9 0l-17 17c-9.4 9.4-9.4 24.6 0 33.9L285.1 256 183.5 357.6c-9.4 9.4-9.4 24.6 0 33.9l17 17c9.4 9.4 24.6 9.4 33.9 0L369.9 273c9.4-9.4 9.4-24.6 0-34z\"><\/path><\/svg><\/span>\n\t\t\t\t\t\t\t\t<span class=\"elementor-accordion-icon-opened\"><svg class=\"e-font-icon-svg e-fas-chevron-circle-down\" viewbox=\"0 0 512 512\" xmlns=\"http:\/\/www.w3.org\/2000\/svg\"><path d=\"M504 256c0 137-111 248-248 248S8 393 8 256 119 8 256 8s248 111 248 248zM273 369.9l135.5-135.5c9.4-9.4 9.4-24.6 0-33.9l-17-17c-9.4-9.4-24.6-9.4-33.9 0L256 285.1 154.4 183.5c-9.4-9.4-24.6-9.4-33.9 0l-17 17c-9.4 9.4-9.4 24.6 0 33.9L239 369.9c9.4 9.4 24.6 9.4 34 0z\"><\/path><\/svg><\/span>\n\t\t\t\t\t\t\t\t\t\t\t\t\t\t<\/span>\n\t\t\t\t\t\t\t\t\t\t\t\t<a class=\"elementor-accordion-title\" tabindex=\"0\">5. Kiti \/ nenumatyti slapukai<\/a>\n\t\t\t\t\t<\/div>\n\t\t\t\t\t<div id=\"elementor-tab-content-5695\" class=\"elementor-tab-content elementor-clearfix\" data-tab=\"5\" role=\"region\" aria-labelledby=\"elementor-tab-title-5695\"><p>Atsi\u017evelgiant \u012f tai, kaip veikia internetas ir \u017einiatinklio svetain\u0117s, mes ne visada \u017einome apie slapukus, kuriuos patalpina tre\u010diosios \u0161alys m\u016bs\u0173 interneto svetain\u0117je. Tai ypa\u010d taikytina atvejams, kai m\u016bs\u0173 interneto svetain\u0117je yra vadinamieji \u012ftaisytieji elementai: tekstai, dokumentai, vaizdai ar trumpieji filmai, kurie yra i\u0161saugoti kitos \u0161alies svetain\u0117je, bet rodomi m\u016bs\u0173 ar per m\u016bs\u0173 interneto svetain\u0119.<br \/>Tod\u0117l jeigu susidursite su tokiais slapukais m\u016bs\u0173 interneto svetain\u0117je, kuri\u0173 mes nenurod\u0117me anks\u010diau, prane\u0161kite mums. Arba kreipkit\u0117s tiesiogiai \u012f susijusi\u0105 tre\u010di\u0105j\u0105 \u0161al\u012f ir paklauskite, kokius slapukus jie patalpino, kod\u0117l taip daro, apie slapuko naudojimo trukm\u0119 ir kaip jie u\u017etikrina j\u016bs\u0173 privatum\u0105.<\/p><\/div>\n\t\t\t\t<\/div>\n\t\t\t\t\t\t\t<div class=\"elementor-accordion-item\">\n\t\t\t\t\t<div id=\"elementor-tab-title-5696\" class=\"elementor-tab-title\" data-tab=\"6\" role=\"button\" aria-controls=\"elementor-tab-content-5696\" aria-expanded=\"false\">\n\t\t\t\t\t\t\t\t\t\t\t\t\t<span class=\"elementor-accordion-icon elementor-accordion-icon-left\" aria-hidden=\"true\">\n\t\t\t\t\t\t\t\t\t\t\t\t\t\t\t<span class=\"elementor-accordion-icon-closed\"><svg class=\"e-font-icon-svg e-fas-chevron-circle-right\" viewbox=\"0 0 512 512\" xmlns=\"http:\/\/www.w3.org\/2000\/svg\"><path d=\"M256 8c137 0 248 111 248 248S393 504 256 504 8 393 8 256 119 8 256 8zm113.9 231L234.4 103.5c-9.4-9.4-24.6-9.4-33.9 0l-17 17c-9.4 9.4-9.4 24.6 0 33.9L285.1 256 183.5 357.6c-9.4 9.4-9.4 24.6 0 33.9l17 17c9.4 9.4 24.6 9.4 33.9 0L369.9 273c9.4-9.4 9.4-24.6 0-34z\"><\/path><\/svg><\/span>\n\t\t\t\t\t\t\t\t<span class=\"elementor-accordion-icon-opened\"><svg class=\"e-font-icon-svg e-fas-chevron-circle-down\" viewbox=\"0 0 512 512\" xmlns=\"http:\/\/www.w3.org\/2000\/svg\"><path d=\"M504 256c0 137-111 248-248 248S8 393 8 256 119 8 256 8s248 111 248 248zM273 369.9l135.5-135.5c9.4-9.4 9.4-24.6 0-33.9l-17-17c-9.4-9.4-24.6-9.4-33.9 0L256 285.1 154.4 183.5c-9.4-9.4-24.6-9.4-33.9 0l-17 17c-9.4 9.4-9.4 24.6 0 33.9L239 369.9c9.4 9.4 24.6 9.4 34 0z\"><\/path><\/svg><\/span>\n\t\t\t\t\t\t\t\t\t\t\t\t\t\t<\/span>\n\t\t\t\t\t\t\t\t\t\t\t\t<a class=\"elementor-accordion-title\" tabindex=\"0\">6. Informacija pasiteirauti<\/a>\n\t\t\t\t\t<\/div>\n\t\t\t\t\t<div id=\"elementor-tab-content-5696\" class=\"elementor-tab-content elementor-clearfix\" data-tab=\"6\" role=\"region\" aria-labelledby=\"elementor-tab-title-5696\"><p>Mes laikas nuo laiko galime adaptuoti informacij\u0105 d\u0117l slapuk\u0173 naudojimo m\u016bs\u0173 interneto svetain\u0117se ar d\u0117l taisykli\u0173 pasikeitim\u0173. Mes visada pasiliekame teis\u0119 keisti \u010dia pateikt\u0105 turin\u012f ir i\u0161vardytus slapukus be i\u0161ankstinio \u012fsp\u0117jimo. Apsilankykite \u0161iame puslapyje jei norite susipa\u017einti su naujausia versij\u0105.<\/p><\/div>\n\t\t\t\t<\/div>\n\t\t\t\t\t\t\t\t<\/div>\n\t\t\t\t\t\t<\/div>\n\t\t\t\t<\/div>\n\t\t\t\t\t<\/div>\n\t\t<\/div>\n\t\t\t\t\t<\/div>\n\t\t<\/section>\n\t\t\t\t<\/div>","protected":false},"excerpt":{"rendered":"<p>1. Slapuk\u0173 naudojimo politika 1.1. Apie slapukusInterneto svetain\u0117se naudojami i\u0161man\u016bs ir naudingi metodai siekiant padidinti j\u0173 patogum\u0105 ir padaryti jas kuo \u012fdomesnes kiekvienam lankytojui. Vienas i\u0161 geriausiai \u017einom\u0173 metod\u0173 yra susij\u0119s su slapukais. Interneto svetaini\u0173 savininkai ar tre\u010diosios \u0161alys, pavyzd\u017eiui, reklamuotojai, kurie reklamuojasi j\u016bs\u0173 lankomoje interneto svetain\u0117je, naudoja slapukus. Slapukai \u2013 tai ma\u017ei tekstiniai failai, [&hellip;]<\/p>\n","protected":false},"author":1,"featured_media":0,"parent":0,"menu_order":0,"comment_status":"closed","ping_status":"closed","template":"elementor_header_footer","meta":{"footnotes":""},"class_list":["post-1492","page","type-page","status-publish","hentry"],"blocksy_meta":[],"aioseo_notices":[],"_links":{"self":[{"href":"https:\/\/medsukiai.lt\/en\/wp-json\/wp\/v2\/pages\/1492","targetHints":{"allow":["GET"]}}],"collection":[{"href":"https:\/\/medsukiai.lt\/en\/wp-json\/wp\/v2\/pages"}],"about":[{"href":"https:\/\/medsukiai.lt\/en\/wp-json\/wp\/v2\/types\/page"}],"author":[{"embeddable":true,"href":"https:\/\/medsukiai.lt\/en\/wp-json\/wp\/v2\/users\/1"}],"replies":[{"embeddable":true,"href":"https:\/\/medsukiai.lt\/en\/wp-json\/wp\/v2\/comments?post=1492"}],"version-history":[{"count":0,"href":"https:\/\/medsukiai.lt\/en\/wp-json\/wp\/v2\/pages\/1492\/revisions"}],"wp:attachment":[{"href":"https:\/\/medsukiai.lt\/en\/wp-json\/wp\/v2\/media?parent=1492"}],"curies":[{"name":"wp","href":"https:\/\/api.w.org\/{rel}","templated":true}]}}