{"id":3,"date":"2024-01-20T07:45:08","date_gmt":"2024-01-20T07:45:08","guid":{"rendered":"https:\/\/medsukiai.lt\/?page_id=3"},"modified":"2024-02-11T13:42:04","modified_gmt":"2024-02-11T13:42:04","slug":"privatumo-politika","status":"publish","type":"page","link":"https:\/\/medsukiai.lt\/en\/privatumo-politika\/","title":{"rendered":"Privacy Policy"},"content":{"rendered":"<div data-elementor-type=\"wp-page\" data-elementor-id=\"3\" class=\"elementor elementor-3\" data-elementor-post-type=\"page\">\n\t\t\t\t\t\t<section class=\"elementor-section elementor-top-section elementor-element elementor-element-55327a47 elementor-section-boxed elementor-section-height-default elementor-section-height-default\" data-id=\"55327a47\" data-element_type=\"section\" data-e-type=\"section\">\n\t\t\t\t\t\t<div class=\"elementor-container elementor-column-gap-default\">\n\t\t\t\t\t<div class=\"elementor-column elementor-col-100 elementor-top-column elementor-element elementor-element-45cdd379\" data-id=\"45cdd379\" data-element_type=\"column\" data-e-type=\"column\">\n\t\t\t<div class=\"elementor-widget-wrap elementor-element-populated\">\n\t\t\t\t\t\t<div class=\"elementor-element elementor-element-2c78e4b9 elementor-widget elementor-widget-text-editor\" data-id=\"2c78e4b9\" data-element_type=\"widget\" data-e-type=\"widget\" data-widget_type=\"text-editor.default\">\n\t\t\t\t<div class=\"elementor-widget-container\">\n\t\t\t\t\t\t\t\t\t<p>MB ,,Lietuvi\u0161ki medsukiai\u201d \u012fmonei priklausan\u010dioje <a href=\"https:\/\/medsukiai.lt\/en\/\">www.medsukiai.lt<\/a>\u00a0svetain\u0117je yra renkami ir valdomi j\u016bs\u0173 asmeniniai duomenys.<\/p>\n<p>\u0160i Privatumo politika i\u0161ai\u0161kina, kaip <a href=\"https:\/\/medsukiai.lt\/en\/\">www.medsukiai.lt<\/a> naudoja j\u016bs\u0173 asmeninius duomenis bei pateikia prie\u017eastis j\u016bs\u0173 asmenini\u0173 duomen\u0173 rinkimui. D\u0117l to, prie\u0161 nar\u0161ant <a href=\"https:\/\/medsukiai.lt\/en\/\">www.medsukiai.lt<\/a>\u00a0svetain\u0117je, perskaitykite \u0161\u012f dokument\u0105.<\/p>\n<p>Mes u\u017etikriname j\u016bs\u0173 asmenini\u0173 duomen\u0173 saugum\u0105 ir konfidencialum\u0105.<\/p>\t\t\t\t\t\t\t\t<\/div>\n\t\t\t\t<\/div>\n\t\t\t\t<div class=\"elementor-element elementor-element-f21413e elementor-widget elementor-widget-accordion\" data-id=\"f21413e\" data-element_type=\"widget\" data-e-type=\"widget\" data-widget_type=\"accordion.default\">\n\t\t\t\t<div class=\"elementor-widget-container\">\n\t\t\t\t\t\t\t<div class=\"elementor-accordion\">\n\t\t\t\t\t\t\t<div class=\"elementor-accordion-item\">\n\t\t\t\t\t<div id=\"elementor-tab-title-2531\" class=\"elementor-tab-title\" data-tab=\"1\" role=\"button\" aria-controls=\"elementor-tab-content-2531\" aria-expanded=\"false\">\n\t\t\t\t\t\t\t\t\t\t\t\t\t<span class=\"elementor-accordion-icon elementor-accordion-icon-left\" aria-hidden=\"true\">\n\t\t\t\t\t\t\t\t\t\t\t\t\t\t\t<span class=\"elementor-accordion-icon-closed\"><svg class=\"e-font-icon-svg e-fas-chevron-circle-right\" viewbox=\"0 0 512 512\" xmlns=\"http:\/\/www.w3.org\/2000\/svg\"><path d=\"M256 8c137 0 248 111 248 248S393 504 256 504 8 393 8 256 119 8 256 8zm113.9 231L234.4 103.5c-9.4-9.4-24.6-9.4-33.9 0l-17 17c-9.4 9.4-9.4 24.6 0 33.9L285.1 256 183.5 357.6c-9.4 9.4-9.4 24.6 0 33.9l17 17c9.4 9.4 24.6 9.4 33.9 0L369.9 273c9.4-9.4 9.4-24.6 0-34z\"><\/path><\/svg><\/span>\n\t\t\t\t\t\t\t\t<span class=\"elementor-accordion-icon-opened\"><svg class=\"e-font-icon-svg e-fas-chevron-circle-down\" viewbox=\"0 0 512 512\" xmlns=\"http:\/\/www.w3.org\/2000\/svg\"><path d=\"M504 256c0 137-111 248-248 248S8 393 8 256 119 8 256 8s248 111 248 248zM273 369.9l135.5-135.5c9.4-9.4 9.4-24.6 0-33.9l-17-17c-9.4-9.4-24.6-9.4-33.9 0L256 285.1 154.4 183.5c-9.4-9.4-24.6-9.4-33.9 0l-17 17c-9.4 9.4-9.4 24.6 0 33.9L239 369.9c9.4 9.4 24.6 9.4 34 0z\"><\/path><\/svg><\/span>\n\t\t\t\t\t\t\t\t\t\t\t\t\t\t<\/span>\n\t\t\t\t\t\t\t\t\t\t\t\t<a class=\"elementor-accordion-title\" tabindex=\"0\">Asmeniniai duomenys, kuriuos renkame:<\/a>\n\t\t\t\t\t<\/div>\n\t\t\t\t\t<div id=\"elementor-tab-content-2531\" class=\"elementor-tab-content elementor-clearfix\" data-tab=\"1\" role=\"region\" aria-labelledby=\"elementor-tab-title-2531\"><p>Kuomet nar\u0161ote <a href=\"https:\/\/medsukiai.lt\/en\/\">www.medsukiai.lt<\/a>, automati\u0161kai renkame tam tikr\u0105 informacij\u0105 apie j\u016bs\u0173 \u012frengin\u012f \u2013 nar\u0161ykl\u0117, IP adresas, laiko juosta ir j\u016bs\u0173 \u012frenginio slapukai. Taip pat renkame statistinius duomenis apie nar\u0161ym\u0105 svetain\u0117je: puslapiai, kuriuose apsilankote, produktai, kuriuos per\u017ei\u016brite bei kita svetain\u0117s nar\u0161ymo informacija. \u0160i\u0105 automati\u0161kai renkam\u0105 informacij\u0105 vadiname \u201e\u012erenginio informacija\u201c. Taip pat, galime rinkti asmeninius duomenis, kuriuos j\u016bs mums suteikiate (vardas, pavard\u0117, adresas, mok\u0117jimo informacija ir t.t.) sukurdami paskyr\u0105 m\u016bs\u0173 svetain\u0117je.<\/p><\/div>\n\t\t\t\t<\/div>\n\t\t\t\t\t\t\t<div class=\"elementor-accordion-item\">\n\t\t\t\t\t<div id=\"elementor-tab-title-2532\" class=\"elementor-tab-title\" data-tab=\"2\" role=\"button\" aria-controls=\"elementor-tab-content-2532\" aria-expanded=\"false\">\n\t\t\t\t\t\t\t\t\t\t\t\t\t<span class=\"elementor-accordion-icon elementor-accordion-icon-left\" aria-hidden=\"true\">\n\t\t\t\t\t\t\t\t\t\t\t\t\t\t\t<span class=\"elementor-accordion-icon-closed\"><svg class=\"e-font-icon-svg e-fas-chevron-circle-right\" viewbox=\"0 0 512 512\" xmlns=\"http:\/\/www.w3.org\/2000\/svg\"><path d=\"M256 8c137 0 248 111 248 248S393 504 256 504 8 393 8 256 119 8 256 8zm113.9 231L234.4 103.5c-9.4-9.4-24.6-9.4-33.9 0l-17 17c-9.4 9.4-9.4 24.6 0 33.9L285.1 256 183.5 357.6c-9.4 9.4-9.4 24.6 0 33.9l17 17c9.4 9.4 24.6 9.4 33.9 0L369.9 273c9.4-9.4 9.4-24.6 0-34z\"><\/path><\/svg><\/span>\n\t\t\t\t\t\t\t\t<span class=\"elementor-accordion-icon-opened\"><svg class=\"e-font-icon-svg e-fas-chevron-circle-down\" viewbox=\"0 0 512 512\" xmlns=\"http:\/\/www.w3.org\/2000\/svg\"><path d=\"M504 256c0 137-111 248-248 248S8 393 8 256 119 8 256 8s248 111 248 248zM273 369.9l135.5-135.5c9.4-9.4 9.4-24.6 0-33.9l-17-17c-9.4-9.4-24.6-9.4-33.9 0L256 285.1 154.4 183.5c-9.4-9.4-24.6-9.4-33.9 0l-17 17c-9.4 9.4-9.4 24.6 0 33.9L239 369.9c9.4 9.4 24.6 9.4 34 0z\"><\/path><\/svg><\/span>\n\t\t\t\t\t\t\t\t\t\t\t\t\t\t<\/span>\n\t\t\t\t\t\t\t\t\t\t\t\t<a class=\"elementor-accordion-title\" tabindex=\"0\">Kod\u0117l renkame j\u016bs\u0173 duomenis?<\/a>\n\t\t\t\t\t<\/div>\n\t\t\t\t\t<div id=\"elementor-tab-content-2532\" class=\"elementor-tab-content elementor-clearfix\" data-tab=\"2\" role=\"region\" aria-labelledby=\"elementor-tab-title-2532\"><p>J\u016bs\u0173 duomen\u0173 saugumas mums yra ypatingai svarbus, d\u0117l to renkame ir valdome tik b\u016btiniausius j\u016bs\u0173 asmeninius duomenis, be kuri\u0173 negal\u0117tume u\u017etikrinti sklandaus svetain\u0117s veikimo. Automati\u0161kai renkami duomenys yra naudojami svetain\u0117s analitikoje. Ta\u010diau u\u017etikriname, kad statistin\u0117je informacijoje ne\u012fmanoma atpa\u017einti konkre\u010di\u0173 vartotoj\u0173 tapatyb\u0117s.<\/p>\n<p>Galite apsilankyti m\u016bs\u0173 svetain\u0117je, nesuteikdami jokios informacijos, kuria b\u016bt\u0173 galima identifikuoti j\u016bs\u0173 asmens tapatyb\u0119. Ta\u010diau, jeigu nor\u0117site pasinaudoti m\u016bs\u0173 svetain\u0117s funkcijomis, nor\u0117site gauti m\u016bs\u0173 naujienlai\u0161k\u012f arba u\u017epildysite m\u016bs\u0173 kontaktin\u0119 form\u0105, tuomet taip galite suteikti mums savo asmenini\u0173 duomen\u0173: el. pa\u0161to adres\u0105, vard\u0105, pavard\u0119, gyvenamosios vietos informacij\u0105, telefono numer\u012f. Turite pasirinkim\u0105 nesuteikti mums savo asmenini\u0173 duomen\u0173, ta\u010diau tokiu atveju negal\u0117site naudotis dauguma svetain\u0117s teikiam\u0173 funkcij\u0173. Svetain\u0117s lankytojai, ne\u017einantys, koki\u0105 informacij\u0105 privalome rinkti, gali susisiekti su mumis el. pa\u0161tu <a href=\"mailto:info@medsukiai.lt\">info@medsukiai.lt<\/a>.<\/p><\/div>\n\t\t\t\t<\/div>\n\t\t\t\t\t\t\t<div class=\"elementor-accordion-item\">\n\t\t\t\t\t<div id=\"elementor-tab-title-2533\" class=\"elementor-tab-title\" data-tab=\"3\" role=\"button\" aria-controls=\"elementor-tab-content-2533\" aria-expanded=\"false\">\n\t\t\t\t\t\t\t\t\t\t\t\t\t<span class=\"elementor-accordion-icon elementor-accordion-icon-left\" aria-hidden=\"true\">\n\t\t\t\t\t\t\t\t\t\t\t\t\t\t\t<span class=\"elementor-accordion-icon-closed\"><svg class=\"e-font-icon-svg e-fas-chevron-circle-right\" viewbox=\"0 0 512 512\" xmlns=\"http:\/\/www.w3.org\/2000\/svg\"><path d=\"M256 8c137 0 248 111 248 248S393 504 256 504 8 393 8 256 119 8 256 8zm113.9 231L234.4 103.5c-9.4-9.4-24.6-9.4-33.9 0l-17 17c-9.4 9.4-9.4 24.6 0 33.9L285.1 256 183.5 357.6c-9.4 9.4-9.4 24.6 0 33.9l17 17c9.4 9.4 24.6 9.4 33.9 0L369.9 273c9.4-9.4 9.4-24.6 0-34z\"><\/path><\/svg><\/span>\n\t\t\t\t\t\t\t\t<span class=\"elementor-accordion-icon-opened\"><svg class=\"e-font-icon-svg e-fas-chevron-circle-down\" viewbox=\"0 0 512 512\" xmlns=\"http:\/\/www.w3.org\/2000\/svg\"><path d=\"M504 256c0 137-111 248-248 248S8 393 8 256 119 8 256 8s248 111 248 248zM273 369.9l135.5-135.5c9.4-9.4 9.4-24.6 0-33.9l-17-17c-9.4-9.4-24.6-9.4-33.9 0L256 285.1 154.4 183.5c-9.4-9.4-24.6-9.4-33.9 0l-17 17c-9.4 9.4-9.4 24.6 0 33.9L239 369.9c9.4 9.4 24.6 9.4 34 0z\"><\/path><\/svg><\/span>\n\t\t\t\t\t\t\t\t\t\t\t\t\t\t<\/span>\n\t\t\t\t\t\t\t\t\t\t\t\t<a class=\"elementor-accordion-title\" tabindex=\"0\">J\u016bs\u0173 teis\u0117s:<\/a>\n\t\t\t\t\t<\/div>\n\t\t\t\t\t<div id=\"elementor-tab-content-2533\" class=\"elementor-tab-content elementor-clearfix\" data-tab=\"3\" role=\"region\" aria-labelledby=\"elementor-tab-title-2533\"><p>Jeigu esate Europos gyventojas, j\u016bs turite \u012fvairi\u0173 teisi\u0173, susijusi\u0173 su j\u016bs\u0173 asmens duomen\u0173 apsauga:<\/p>\n<p>Teis\u0117 b\u016bti informuotam.<\/p>\n<p>Teis\u0117 gauti savo informacij\u0105, kuri\u0105 mes tvarkome.<\/p>\n<p>Teis\u0117 taisyti netiksli\u0105 ar neteising\u0105 informacij\u0105 apie jus.<\/p>\n<p>Teis\u0117 i\u0161trinti visus duomenis apie jus.<\/p>\n<p>Teis\u0117 apriboti duomen\u0173 tvarkym\u0105.<\/p>\n<p>Teis\u0117 perkelti visus surinktus duomenis apie jus kitam valdytojui.<\/p>\n<p>Teis\u0117 paprie\u0161tarauti asmens duomen\u0173 tvarkymui.<\/p>\n<p>Teis\u0117s, susijusios su automatini\u0173 duomen\u0173 valdymu.<\/p>\n<p>Jeigu norite daugiau informacijos, susisiekite su mumis pasinaudoj\u0119 \u017eemiau pateikta kontaktine informacija. Persp\u0117jame, kad valdome Europos gyventoj\u0173 asmeninius duomenis, nor\u0117dami i\u0161pildyti j\u016bs\u0173 u\u017esakymus arba kitaip \u012fgyvendinti tikslus, i\u0161vardytus dokumento prad\u017eioje. Atkreipkite d\u0117mes\u012f, kad j\u016bs\u0173 duomenys gali b\u016bti perkelti u\u017e Europos rib\u0173 (pavyzd\u017eiui, \u012f Kanad\u0105 arba JAV).<\/p><\/div>\n\t\t\t\t<\/div>\n\t\t\t\t\t\t\t<div class=\"elementor-accordion-item\">\n\t\t\t\t\t<div id=\"elementor-tab-title-2534\" class=\"elementor-tab-title\" data-tab=\"4\" role=\"button\" aria-controls=\"elementor-tab-content-2534\" aria-expanded=\"false\">\n\t\t\t\t\t\t\t\t\t\t\t\t\t<span class=\"elementor-accordion-icon elementor-accordion-icon-left\" aria-hidden=\"true\">\n\t\t\t\t\t\t\t\t\t\t\t\t\t\t\t<span class=\"elementor-accordion-icon-closed\"><svg class=\"e-font-icon-svg e-fas-chevron-circle-right\" viewbox=\"0 0 512 512\" xmlns=\"http:\/\/www.w3.org\/2000\/svg\"><path d=\"M256 8c137 0 248 111 248 248S393 504 256 504 8 393 8 256 119 8 256 8zm113.9 231L234.4 103.5c-9.4-9.4-24.6-9.4-33.9 0l-17 17c-9.4 9.4-9.4 24.6 0 33.9L285.1 256 183.5 357.6c-9.4 9.4-9.4 24.6 0 33.9l17 17c9.4 9.4 24.6 9.4 33.9 0L369.9 273c9.4-9.4 9.4-24.6 0-34z\"><\/path><\/svg><\/span>\n\t\t\t\t\t\t\t\t<span class=\"elementor-accordion-icon-opened\"><svg class=\"e-font-icon-svg e-fas-chevron-circle-down\" viewbox=\"0 0 512 512\" xmlns=\"http:\/\/www.w3.org\/2000\/svg\"><path d=\"M504 256c0 137-111 248-248 248S8 393 8 256 119 8 256 8s248 111 248 248zM273 369.9l135.5-135.5c9.4-9.4 9.4-24.6 0-33.9l-17-17c-9.4-9.4-24.6-9.4-33.9 0L256 285.1 154.4 183.5c-9.4-9.4-24.6-9.4-33.9 0l-17 17c-9.4 9.4-9.4 24.6 0 33.9L239 369.9c9.4 9.4 24.6 9.4 34 0z\"><\/path><\/svg><\/span>\n\t\t\t\t\t\t\t\t\t\t\t\t\t\t<\/span>\n\t\t\t\t\t\t\t\t\t\t\t\t<a class=\"elementor-accordion-title\" tabindex=\"0\">Nuorodos \u012f kitas svetaines:<\/a>\n\t\t\t\t\t<\/div>\n\t\t\t\t\t<div id=\"elementor-tab-content-2534\" class=\"elementor-tab-content elementor-clearfix\" data-tab=\"4\" role=\"region\" aria-labelledby=\"elementor-tab-title-2534\"><p>M\u016bs\u0173 svetain\u0117je gali b\u016bti kit\u0173 svetaini\u0173, kuri\u0173 mes nevaldome, nuorodos. Pa\u017eymime, kad mes nesame atsakingi u\u017e kit\u0173 svetaini\u0173 ar tre\u010di\u0173j\u0173 \u0161ali\u0173 asmenini\u0173 duomen\u0173 rinkimo procesus. Palikus m\u016bs\u0173 svetain\u0119, rekomenduojame perskaityti tre\u010di\u0173j\u0173 \u0161ali\u0173 svetaini\u0173 privatumo politikas.<\/p><\/div>\n\t\t\t\t<\/div>\n\t\t\t\t\t\t\t<div class=\"elementor-accordion-item\">\n\t\t\t\t\t<div id=\"elementor-tab-title-2535\" class=\"elementor-tab-title\" data-tab=\"5\" role=\"button\" aria-controls=\"elementor-tab-content-2535\" aria-expanded=\"false\">\n\t\t\t\t\t\t\t\t\t\t\t\t\t<span class=\"elementor-accordion-icon elementor-accordion-icon-left\" aria-hidden=\"true\">\n\t\t\t\t\t\t\t\t\t\t\t\t\t\t\t<span class=\"elementor-accordion-icon-closed\"><svg class=\"e-font-icon-svg e-fas-chevron-circle-right\" viewbox=\"0 0 512 512\" xmlns=\"http:\/\/www.w3.org\/2000\/svg\"><path d=\"M256 8c137 0 248 111 248 248S393 504 256 504 8 393 8 256 119 8 256 8zm113.9 231L234.4 103.5c-9.4-9.4-24.6-9.4-33.9 0l-17 17c-9.4 9.4-9.4 24.6 0 33.9L285.1 256 183.5 357.6c-9.4 9.4-9.4 24.6 0 33.9l17 17c9.4 9.4 24.6 9.4 33.9 0L369.9 273c9.4-9.4 9.4-24.6 0-34z\"><\/path><\/svg><\/span>\n\t\t\t\t\t\t\t\t<span class=\"elementor-accordion-icon-opened\"><svg class=\"e-font-icon-svg e-fas-chevron-circle-down\" viewbox=\"0 0 512 512\" xmlns=\"http:\/\/www.w3.org\/2000\/svg\"><path d=\"M504 256c0 137-111 248-248 248S8 393 8 256 119 8 256 8s248 111 248 248zM273 369.9l135.5-135.5c9.4-9.4 9.4-24.6 0-33.9l-17-17c-9.4-9.4-24.6-9.4-33.9 0L256 285.1 154.4 183.5c-9.4-9.4-24.6-9.4-33.9 0l-17 17c-9.4 9.4-9.4 24.6 0 33.9L239 369.9c9.4 9.4 24.6 9.4 34 0z\"><\/path><\/svg><\/span>\n\t\t\t\t\t\t\t\t\t\t\t\t\t\t<\/span>\n\t\t\t\t\t\t\t\t\t\t\t\t<a class=\"elementor-accordion-title\" tabindex=\"0\">Duomen\u0173 apsauga:<\/a>\n\t\t\t\t\t<\/div>\n\t\t\t\t\t<div id=\"elementor-tab-content-2535\" class=\"elementor-tab-content elementor-clearfix\" data-tab=\"5\" role=\"region\" aria-labelledby=\"elementor-tab-title-2535\"><p>J\u016bs\u0173 asmenini\u0173 duomen\u0173 apsaugai pasitelkiame auk\u0161\u010diausios kokyb\u0117s serverius, kuriuos gali pasiekti tik \u012fgalioti asmenys. Mes reguliariai stebime savo sistemas, nor\u0117dami nustatyti, ar n\u0117ra koki\u0173 nors pa\u017eeid\u017eiam\u0173 viet\u0173 ar kibernetini\u0173 atak\u0173, kuri\u0173 metu gal\u0117t\u0173 nukent\u0117ti j\u016bs\u0173 asmeniniai duomenys. Nepaisant to, negarantuojame absoliutaus j\u016bs\u0173 asmenini\u0173 duomen\u0173 saugumo.<\/p><\/div>\n\t\t\t\t<\/div>\n\t\t\t\t\t\t\t<div class=\"elementor-accordion-item\">\n\t\t\t\t\t<div id=\"elementor-tab-title-2536\" class=\"elementor-tab-title\" data-tab=\"6\" role=\"button\" aria-controls=\"elementor-tab-content-2536\" aria-expanded=\"false\">\n\t\t\t\t\t\t\t\t\t\t\t\t\t<span class=\"elementor-accordion-icon elementor-accordion-icon-left\" aria-hidden=\"true\">\n\t\t\t\t\t\t\t\t\t\t\t\t\t\t\t<span class=\"elementor-accordion-icon-closed\"><svg class=\"e-font-icon-svg e-fas-chevron-circle-right\" viewbox=\"0 0 512 512\" xmlns=\"http:\/\/www.w3.org\/2000\/svg\"><path d=\"M256 8c137 0 248 111 248 248S393 504 256 504 8 393 8 256 119 8 256 8zm113.9 231L234.4 103.5c-9.4-9.4-24.6-9.4-33.9 0l-17 17c-9.4 9.4-9.4 24.6 0 33.9L285.1 256 183.5 357.6c-9.4 9.4-9.4 24.6 0 33.9l17 17c9.4 9.4 24.6 9.4 33.9 0L369.9 273c9.4-9.4 9.4-24.6 0-34z\"><\/path><\/svg><\/span>\n\t\t\t\t\t\t\t\t<span class=\"elementor-accordion-icon-opened\"><svg class=\"e-font-icon-svg e-fas-chevron-circle-down\" viewbox=\"0 0 512 512\" xmlns=\"http:\/\/www.w3.org\/2000\/svg\"><path d=\"M504 256c0 137-111 248-248 248S8 393 8 256 119 8 256 8s248 111 248 248zM273 369.9l135.5-135.5c9.4-9.4 9.4-24.6 0-33.9l-17-17c-9.4-9.4-24.6-9.4-33.9 0L256 285.1 154.4 183.5c-9.4-9.4-24.6-9.4-33.9 0l-17 17c-9.4 9.4-9.4 24.6 0 33.9L239 369.9c9.4 9.4 24.6 9.4 34 0z\"><\/path><\/svg><\/span>\n\t\t\t\t\t\t\t\t\t\t\t\t\t\t<\/span>\n\t\t\t\t\t\t\t\t\t\t\t\t<a class=\"elementor-accordion-title\" tabindex=\"0\">Duomen\u0173 atskleidimas:<\/a>\n\t\t\t\t\t<\/div>\n\t\t\t\t\t<div id=\"elementor-tab-content-2536\" class=\"elementor-tab-content elementor-clearfix\" data-tab=\"6\" role=\"region\" aria-labelledby=\"elementor-tab-title-2536\">\u012estatymo numatyta tvarka pasiliekame teis\u0119 atskleisti j\u016bs\u0173 asmeninius duomenis, jei reik\u0117t\u0173 apginti savo teises, savo ir aplinkini\u0173 saugum\u0105, i\u0161tirti nusikaltim\u0105 arba atsakyti \u012f vyriausyb\u0117s pra\u0161ym\u0105 atskleisti j\u016bs\u0173 asmeninius duomenis.\n<\/div>\n\t\t\t\t<\/div>\n\t\t\t\t\t\t\t<div class=\"elementor-accordion-item\">\n\t\t\t\t\t<div id=\"elementor-tab-title-2537\" class=\"elementor-tab-title\" data-tab=\"7\" role=\"button\" aria-controls=\"elementor-tab-content-2537\" aria-expanded=\"false\">\n\t\t\t\t\t\t\t\t\t\t\t\t\t<span class=\"elementor-accordion-icon elementor-accordion-icon-left\" aria-hidden=\"true\">\n\t\t\t\t\t\t\t\t\t\t\t\t\t\t\t<span class=\"elementor-accordion-icon-closed\"><svg class=\"e-font-icon-svg e-fas-chevron-circle-right\" viewbox=\"0 0 512 512\" xmlns=\"http:\/\/www.w3.org\/2000\/svg\"><path d=\"M256 8c137 0 248 111 248 248S393 504 256 504 8 393 8 256 119 8 256 8zm113.9 231L234.4 103.5c-9.4-9.4-24.6-9.4-33.9 0l-17 17c-9.4 9.4-9.4 24.6 0 33.9L285.1 256 183.5 357.6c-9.4 9.4-9.4 24.6 0 33.9l17 17c9.4 9.4 24.6 9.4 33.9 0L369.9 273c9.4-9.4 9.4-24.6 0-34z\"><\/path><\/svg><\/span>\n\t\t\t\t\t\t\t\t<span class=\"elementor-accordion-icon-opened\"><svg class=\"e-font-icon-svg e-fas-chevron-circle-down\" viewbox=\"0 0 512 512\" xmlns=\"http:\/\/www.w3.org\/2000\/svg\"><path d=\"M504 256c0 137-111 248-248 248S8 393 8 256 119 8 256 8s248 111 248 248zM273 369.9l135.5-135.5c9.4-9.4 9.4-24.6 0-33.9l-17-17c-9.4-9.4-24.6-9.4-33.9 0L256 285.1 154.4 183.5c-9.4-9.4-24.6-9.4-33.9 0l-17 17c-9.4 9.4-9.4 24.6 0 33.9L239 369.9c9.4 9.4 24.6 9.4 34 0z\"><\/path><\/svg><\/span>\n\t\t\t\t\t\t\t\t\t\t\t\t\t\t<\/span>\n\t\t\t\t\t\t\t\t\t\t\t\t<a class=\"elementor-accordion-title\" tabindex=\"0\">Kontaktin\u0117 informacija:<\/a>\n\t\t\t\t\t<\/div>\n\t\t\t\t\t<div id=\"elementor-tab-content-2537\" class=\"elementor-tab-content elementor-clearfix\" data-tab=\"7\" role=\"region\" aria-labelledby=\"elementor-tab-title-2537\"><p>Jeigu norite gauti daugiau informacijos apie \u0161i\u0105 privatumo politik\u0105 arba apie j\u016bs\u0173 asmeninius duomenis, kreipkit\u0117s \u012f mus el. pa\u0161tu <a href=\"mailto:info@medsukiai.lt\">info@medsukiai.lt<\/a>.<\/p><\/div>\n\t\t\t\t<\/div>\n\t\t\t\t\t\t\t\t<\/div>\n\t\t\t\t\t\t<\/div>\n\t\t\t\t<\/div>\n\t\t\t\t\t<\/div>\n\t\t<\/div>\n\t\t\t\t\t<\/div>\n\t\t<\/section>\n\t\t\t\t<\/div>","protected":false},"excerpt":{"rendered":"<p>MB ,,Lietuvi\u0161ki medsukiai\u201d \u012fmonei priklausan\u010dioje www.medsukiai.lt\u00a0svetain\u0117je yra renkami ir valdomi j\u016bs\u0173 asmeniniai duomenys. \u0160i Privatumo politika i\u0161ai\u0161kina, kaip www.medsukiai.lt naudoja j\u016bs\u0173 asmeninius duomenis bei pateikia prie\u017eastis j\u016bs\u0173 asmenini\u0173 duomen\u0173 rinkimui. D\u0117l to, prie\u0161 nar\u0161ant www.medsukiai.lt\u00a0svetain\u0117je, perskaitykite \u0161\u012f dokument\u0105. Mes u\u017etikriname j\u016bs\u0173 asmenini\u0173 duomen\u0173 saugum\u0105 ir konfidencialum\u0105. Asmeniniai duomenys, kuriuos renkame: Kuomet nar\u0161ote www.medsukiai.lt, automati\u0161kai renkame [&hellip;]<\/p>\n","protected":false},"author":1,"featured_media":0,"parent":0,"menu_order":0,"comment_status":"closed","ping_status":"closed","template":"elementor_header_footer","meta":{"footnotes":""},"class_list":["post-3","page","type-page","status-publish","hentry"],"blocksy_meta":[],"aioseo_notices":[],"_links":{"self":[{"href":"https:\/\/medsukiai.lt\/en\/wp-json\/wp\/v2\/pages\/3","targetHints":{"allow":["GET"]}}],"collection":[{"href":"https:\/\/medsukiai.lt\/en\/wp-json\/wp\/v2\/pages"}],"about":[{"href":"https:\/\/medsukiai.lt\/en\/wp-json\/wp\/v2\/types\/page"}],"author":[{"embeddable":true,"href":"https:\/\/medsukiai.lt\/en\/wp-json\/wp\/v2\/users\/1"}],"replies":[{"embeddable":true,"href":"https:\/\/medsukiai.lt\/en\/wp-json\/wp\/v2\/comments?post=3"}],"version-history":[{"count":0,"href":"https:\/\/medsukiai.lt\/en\/wp-json\/wp\/v2\/pages\/3\/revisions"}],"wp:attachment":[{"href":"https:\/\/medsukiai.lt\/en\/wp-json\/wp\/v2\/media?parent=3"}],"curies":[{"name":"wp","href":"https:\/\/api.w.org\/{rel}","templated":true}]}}