{"id":1073,"date":"2024-05-12T07:19:26","date_gmt":"2024-05-12T07:19:26","guid":{"rendered":"https:\/\/medsukiai.lt\/?post_type=product&#038;p=1073"},"modified":"2025-04-28T18:19:02","modified_gmt":"2025-04-28T18:19:02","slug":"medsukis-md-1000","status":"publish","type":"product","link":"https:\/\/medsukiai.lt\/en\/product\/medsukis-md-1000\/","title":{"rendered":"Honey extractor MD-1000"},"content":{"rendered":"<h4>Honey extractor MD-1000 made of stainless steel with adjustable legs<\/h4>\n<p>Lithuanian electric Honey extractor made in Lithuania, perfected by Romos \u017dukauskas, an engineer and beekeeper practitioner<\/p>\n<p>Honey extractor MD-1000 is UNIVERSAL:<\/p>\n<p>It is possible to rotate with cartridges tangentially in automatic mode according to the program (uses 3 times).\u00a0Easily removable cartridges allow honey to be rotated radially as well as in automatic mode according to the program.\u00a0Manual control and changing of program modes for the beekeeper himself is established.\u00a0<span class=\"zn-fontweight\">Each honey extractor is individually tailored to the frames used by each beekeeper.<\/span>. Dir\u017ein\u0117 pavara leid\u017eia dirbti be triuk\u0161mo ir suma\u017eina guolio apkrovim\u0105 esant netolygiam r\u0117meli\u0173 svori\u0173 pasiskirstymui. 4 Kojos padidina medsukio stabilum\u0105, paver\u010diamos ir fiksuojamos medui i\u0161leisti baigus darb\u0105. Kojos lengvai nuimamos, kas palengvina medsukio perve\u017eim\u0105. 5 met\u0173 garantija, kuri\u0105 galima prasit\u0119sti iki 8 met\u0173.<\/p>\n<p>&nbsp;<\/p>\n<p><strong>The product is new and unused, and complies with the safety requirements set by European Union legislation.<br \/>\nMedsukiai gaminami individualiai pagal kiekvieno bitininko r\u0117melius.\u00a0<\/strong><\/p>\n<p>&nbsp;<\/p>","protected":false},"excerpt":{"rendered":"<p>The product is new and unused, and complies with the safety requirements set by European Union legislation.<\/p>","protected":false},"featured_media":1103,"template":"","meta":[],"product_brand":[],"product_cat":[43],"product_tag":[44,51,45,46,52],"class_list":{"0":"post-1073","1":"product","2":"type-product","3":"status-publish","4":"has-post-thumbnail","6":"product_cat-medsukiai","7":"product_tag-honey-extractor","8":"product_tag-honey-machine","9":"product_tag-lietuviski-medsukiai","10":"product_tag-medsukis","11":"product_tag-medsukis-md-1000","13":"first","14":"instock","15":"taxable","16":"shipping-taxable","17":"purchasable","18":"product-type-variable"},"aioseo_notices":[],"_links":{"self":[{"href":"https:\/\/medsukiai.lt\/en\/wp-json\/wp\/v2\/product\/1073","targetHints":{"allow":["GET"]}}],"collection":[{"href":"https:\/\/medsukiai.lt\/en\/wp-json\/wp\/v2\/product"}],"about":[{"href":"https:\/\/medsukiai.lt\/en\/wp-json\/wp\/v2\/types\/product"}],"wp:featuredmedia":[{"embeddable":true,"href":"https:\/\/medsukiai.lt\/en\/wp-json\/wp\/v2\/media\/1103"}],"wp:attachment":[{"href":"https:\/\/medsukiai.lt\/en\/wp-json\/wp\/v2\/media?parent=1073"}],"wp:term":[{"taxonomy":"product_brand","embeddable":true,"href":"https:\/\/medsukiai.lt\/en\/wp-json\/wp\/v2\/product_brand?post=1073"},{"taxonomy":"product_cat","embeddable":true,"href":"https:\/\/medsukiai.lt\/en\/wp-json\/wp\/v2\/product_cat?post=1073"},{"taxonomy":"product_tag","embeddable":true,"href":"https:\/\/medsukiai.lt\/en\/wp-json\/wp\/v2\/product_tag?post=1073"}],"curies":[{"name":"wp","href":"https:\/\/api.w.org\/{rel}","templated":true}]}}