{"id":1075,"date":"2024-02-08T07:19:26","date_gmt":"2024-02-08T07:19:26","guid":{"rendered":"https:\/\/medsukiai.lt\/?post_type=product&#038;p=1075"},"modified":"2025-04-28T18:20:27","modified_gmt":"2025-04-28T18:20:27","slug":"vasko-lydytuvas-su-presu","status":"publish","type":"product","link":"https:\/\/medsukiai.lt\/en\/product\/vasko-lydytuvas-su-presu\/","title":{"rendered":"Bee Wax Melter with press"},"content":{"rendered":"<h2>Bee Wax Melter with press<\/h2>\n<p style=\"font-weight: 400;\">Garinis va\u0161ko lydytuvas su sraigtiniu presu, kaitinamas dujomis arba elektra. Pagamintas i\u0161 ner\u016bdijan\u010dio plieno AISI304.<\/p>\n<p style=\"font-weight: 400;\">Lydytuvas turi dvigubas sieneles, kurios pagamintos i\u0161\u00a01 mm storio r\u016bg\u0161tims atsparaus ner\u016bdijan\u010dio plieno.<\/p>\n<p style=\"font-weight: 400;\">Lydytuvo spaustuvas lengvai i\u0161imamas ir\u00a0 naudojamas tik baigus lydyti va\u0161k\u0105.\u00a0Koriai lydimui dedami\u00a0\u012f d\u017eiuto mai\u0161\u0105 arba pana\u0161iai.<\/p>\n<p>&nbsp;<\/p>","protected":false},"excerpt":{"rendered":"<h4 style=\"font-weight: 400;\"><span lang=\"NL\">Garinis va\u0161ko lydytuvas su sraigtiniu presu, kaitinamas dujomis arba elektra. Pagamintas i\u0161 ner\u016bdijan\u010d<\/span><span lang=\"IT\">io plieno AISI304.<\/span><\/h4>\n<p>The product is new and unused, and complies with the safety requirements set by European Union legislation.<\/p>","protected":false},"featured_media":1108,"template":"","meta":[],"product_brand":[],"product_cat":[53,74],"product_tag":[73],"class_list":{"0":"post-1075","1":"product","2":"type-product","3":"status-publish","4":"has-post-thumbnail","6":"product_cat-iranga-bitininkystei","7":"product_cat-uzsakomoji-preke","8":"product_tag-isankstinis-uzsakymas","10":"first","11":"onbackorder","12":"taxable","13":"shipping-taxable","14":"purchasable","15":"product-type-simple"},"aioseo_notices":[],"_links":{"self":[{"href":"https:\/\/medsukiai.lt\/en\/wp-json\/wp\/v2\/product\/1075","targetHints":{"allow":["GET"]}}],"collection":[{"href":"https:\/\/medsukiai.lt\/en\/wp-json\/wp\/v2\/product"}],"about":[{"href":"https:\/\/medsukiai.lt\/en\/wp-json\/wp\/v2\/types\/product"}],"wp:featuredmedia":[{"embeddable":true,"href":"https:\/\/medsukiai.lt\/en\/wp-json\/wp\/v2\/media\/1108"}],"wp:attachment":[{"href":"https:\/\/medsukiai.lt\/en\/wp-json\/wp\/v2\/media?parent=1075"}],"wp:term":[{"taxonomy":"product_brand","embeddable":true,"href":"https:\/\/medsukiai.lt\/en\/wp-json\/wp\/v2\/product_brand?post=1075"},{"taxonomy":"product_cat","embeddable":true,"href":"https:\/\/medsukiai.lt\/en\/wp-json\/wp\/v2\/product_cat?post=1075"},{"taxonomy":"product_tag","embeddable":true,"href":"https:\/\/medsukiai.lt\/en\/wp-json\/wp\/v2\/product_tag?post=1075"}],"curies":[{"name":"wp","href":"https:\/\/api.w.org\/{rel}","templated":true}]}}