{"id":1076,"date":"2024-02-07T07:19:26","date_gmt":"2024-02-07T07:19:26","guid":{"rendered":"https:\/\/medsukiai.lt\/?post_type=product&#038;p=1076"},"modified":"2024-12-12T09:09:51","modified_gmt":"2024-12-12T09:09:51","slug":"reguliuojamos-avilio-kojos-2vnt","status":"publish","type":"product","link":"https:\/\/medsukiai.lt\/en\/product\/reguliuojamos-avilio-kojos-2vnt\/","title":{"rendered":"Adjustable bee hive stand (2 pcs)"},"content":{"rendered":"<h2>Adjustable bee hive stand<\/h2>\n<p><span class=\"zn-lineheight\">Both legs are adjustable, suitable for use on very uneven surfaces,<\/span><\/p>\n<p><span class=\"zn-lineheight\">Powder coated,<\/span><\/p>\n<p><span class=\"zn-lineheight\">Stable and strong,<\/span><\/p>\n<p><span class=\"zn-lineheight\">holds 5 ~ hives,<\/span><\/p>\n<p><span class=\"zn-lineheight\">Can be built on an uneven surface,<\/span><\/p>\n<p><span class=\"zn-lineheight\">Fits thick log 90\u00d750,<\/span><\/p>\n<p>&nbsp;<\/p>\n<p>&nbsp;<\/p>","protected":false},"excerpt":{"rendered":"<p>Avilio kojos Reguliuojamos abi kojos, tinka naudoti ant labai nelygaus pavir\u0161iaus, Nuda\u017eytos milteliniu da\u017eymu, Stabilios ir tvirtos, telpa 5 ~ aviliai, Galima statyti ant nelygaus pavir\u0161iaus, Telpa storas br\u016bselis 90&#215;50, &nbsp; &nbsp;<\/p>","protected":false},"featured_media":1113,"template":"","meta":[],"product_brand":[],"product_cat":[53],"product_tag":[56,57],"class_list":{"0":"post-1076","1":"product","2":"type-product","3":"status-publish","4":"has-post-thumbnail","6":"product_cat-iranga-bitininkystei","7":"product_tag-avilio-kojos","8":"product_tag-bee-hive-stand","9":"product_shipping_class-kurjeris","11":"first","12":"instock","13":"taxable","14":"shipping-taxable","15":"purchasable","16":"product-type-simple"},"aioseo_notices":[],"_links":{"self":[{"href":"https:\/\/medsukiai.lt\/en\/wp-json\/wp\/v2\/product\/1076","targetHints":{"allow":["GET"]}}],"collection":[{"href":"https:\/\/medsukiai.lt\/en\/wp-json\/wp\/v2\/product"}],"about":[{"href":"https:\/\/medsukiai.lt\/en\/wp-json\/wp\/v2\/types\/product"}],"wp:featuredmedia":[{"embeddable":true,"href":"https:\/\/medsukiai.lt\/en\/wp-json\/wp\/v2\/media\/1113"}],"wp:attachment":[{"href":"https:\/\/medsukiai.lt\/en\/wp-json\/wp\/v2\/media?parent=1076"}],"wp:term":[{"taxonomy":"product_brand","embeddable":true,"href":"https:\/\/medsukiai.lt\/en\/wp-json\/wp\/v2\/product_brand?post=1076"},{"taxonomy":"product_cat","embeddable":true,"href":"https:\/\/medsukiai.lt\/en\/wp-json\/wp\/v2\/product_cat?post=1076"},{"taxonomy":"product_tag","embeddable":true,"href":"https:\/\/medsukiai.lt\/en\/wp-json\/wp\/v2\/product_tag?post=1076"}],"curies":[{"name":"wp","href":"https:\/\/api.w.org\/{rel}","templated":true}]}}