{"id":1077,"date":"2024-02-07T07:19:26","date_gmt":"2024-02-07T07:19:26","guid":{"rendered":"https:\/\/medsukiai.lt\/?post_type=product&#038;p=1077"},"modified":"2024-02-14T14:56:51","modified_gmt":"2024-02-14T14:56:51","slug":"sirupo-maisykle-medaus-pilstymo-indas","status":"publish","type":"product","link":"https:\/\/medsukiai.lt\/en\/product\/sirupo-maisykle-medaus-pilstymo-indas\/","title":{"rendered":"Syrup mixer \/ Honey pouring container"},"content":{"rendered":"<p><strong>Syrup mixer \/ Honey pouring container<\/strong><\/p>\n<hr \/>\n<p>&nbsp;<\/p>\n<ul>\n<li>I\u0161 ner\u016bdijan\u010dio maistinio plieno.<\/li>\n<li>Talpa &#8211; 230l <strong>(galima keisti pagal pageidavim\u0105).<\/strong><\/li>\n<li>Paver\u010diamos kojos.<\/li>\n<li>Variklio galingumas &#8211; 0,18kw<\/li>\n<li>Apsisukim\u0173 skai\u010dius &#8211;<\/li>\n<\/ul>\n<p>&nbsp;<\/p>\n<p>&nbsp;<\/p>","protected":false},"excerpt":{"rendered":"<p>Sirupo mai\u0161ykl\u0117 \/ Medaus pilstymo indas &nbsp; I\u0161 ner\u016bdijan\u010dio maistinio plieno. Talpa &#8211; 230l (galima keisti pagal pageidavim\u0105). Paver\u010diamos kojos. Variklio galingumas &#8211; 0,18kw Apsisukim\u0173 skai\u010dius &#8211; &nbsp; &nbsp;<\/p>","protected":false},"featured_media":1118,"template":"","meta":[],"product_brand":[],"product_cat":[53],"product_tag":[45,58,59],"class_list":{"0":"post-1077","1":"product","2":"type-product","3":"status-publish","4":"has-post-thumbnail","6":"product_cat-iranga-bitininkystei","7":"product_tag-lietuviski-medsukiai","8":"product_tag-pilstymo-indas","9":"product_tag-sirupo-maisykle","11":"first","12":"outofstock","13":"taxable","14":"shipping-taxable","15":"product-type-variable"},"aioseo_notices":[],"_links":{"self":[{"href":"https:\/\/medsukiai.lt\/en\/wp-json\/wp\/v2\/product\/1077","targetHints":{"allow":["GET"]}}],"collection":[{"href":"https:\/\/medsukiai.lt\/en\/wp-json\/wp\/v2\/product"}],"about":[{"href":"https:\/\/medsukiai.lt\/en\/wp-json\/wp\/v2\/types\/product"}],"wp:featuredmedia":[{"embeddable":true,"href":"https:\/\/medsukiai.lt\/en\/wp-json\/wp\/v2\/media\/1118"}],"wp:attachment":[{"href":"https:\/\/medsukiai.lt\/en\/wp-json\/wp\/v2\/media?parent=1077"}],"wp:term":[{"taxonomy":"product_brand","embeddable":true,"href":"https:\/\/medsukiai.lt\/en\/wp-json\/wp\/v2\/product_brand?post=1077"},{"taxonomy":"product_cat","embeddable":true,"href":"https:\/\/medsukiai.lt\/en\/wp-json\/wp\/v2\/product_cat?post=1077"},{"taxonomy":"product_tag","embeddable":true,"href":"https:\/\/medsukiai.lt\/en\/wp-json\/wp\/v2\/product_tag?post=1077"}],"curies":[{"name":"wp","href":"https:\/\/api.w.org\/{rel}","templated":true}]}}