{"id":1078,"date":"2024-01-21T07:19:26","date_gmt":"2024-01-21T07:19:26","guid":{"rendered":"https:\/\/medsukiai.lt\/?post_type=product&#038;p=1078"},"modified":"2025-05-09T18:23:32","modified_gmt":"2025-05-09T18:23:32","slug":"kasetes-medsukiams","status":"publish","type":"product","link":"https:\/\/medsukiai.lt\/en\/product\/kasetes-medsukiams\/","title":{"rendered":"Cartridges for honey extractors"},"content":{"rendered":"<h2><\/h2>\n<p>&nbsp;<\/p>","protected":false},"excerpt":{"rendered":"<p>Kaset\u0117s medsukiui MD-1000 &#8211; 6 kaset\u0117s su spyruokl\u0117m<\/p>\n<p>Kaset\u0117s medsukiui MM-680 &#8211; 4 kaset\u0117s<\/p>","protected":false},"featured_media":1121,"template":"","meta":[],"product_brand":[],"product_cat":[53],"product_tag":[60,45],"class_list":{"0":"post-1078","1":"product","2":"type-product","3":"status-publish","4":"has-post-thumbnail","6":"product_cat-iranga-bitininkystei","7":"product_tag-kasetes","8":"product_tag-lietuviski-medsukiai","10":"first","11":"instock","12":"taxable","13":"shipping-taxable","14":"purchasable","15":"product-type-variable"},"aioseo_notices":[],"_links":{"self":[{"href":"https:\/\/medsukiai.lt\/en\/wp-json\/wp\/v2\/product\/1078","targetHints":{"allow":["GET"]}}],"collection":[{"href":"https:\/\/medsukiai.lt\/en\/wp-json\/wp\/v2\/product"}],"about":[{"href":"https:\/\/medsukiai.lt\/en\/wp-json\/wp\/v2\/types\/product"}],"wp:featuredmedia":[{"embeddable":true,"href":"https:\/\/medsukiai.lt\/en\/wp-json\/wp\/v2\/media\/1121"}],"wp:attachment":[{"href":"https:\/\/medsukiai.lt\/en\/wp-json\/wp\/v2\/media?parent=1078"}],"wp:term":[{"taxonomy":"product_brand","embeddable":true,"href":"https:\/\/medsukiai.lt\/en\/wp-json\/wp\/v2\/product_brand?post=1078"},{"taxonomy":"product_cat","embeddable":true,"href":"https:\/\/medsukiai.lt\/en\/wp-json\/wp\/v2\/product_cat?post=1078"},{"taxonomy":"product_tag","embeddable":true,"href":"https:\/\/medsukiai.lt\/en\/wp-json\/wp\/v2\/product_tag?post=1078"}],"curies":[{"name":"wp","href":"https:\/\/api.w.org\/{rel}","templated":true}]}}