{"id":1090,"date":"2024-01-21T07:19:27","date_gmt":"2024-01-21T07:19:27","guid":{"rendered":"https:\/\/medsukiai.lt\/?post_type=product&#038;p=1090"},"modified":"2024-08-05T15:43:58","modified_gmt":"2024-08-05T15:43:58","slug":"oksalo-garintuvo-silikoninis-valymo-kamstis","status":"publish","type":"product","link":"https:\/\/medsukiai.lt\/en\/product\/oksalo-garintuvo-silikoninis-valymo-kamstis\/","title":{"rendered":"Silicone cap for cleaning (2pcs\/pack)"},"content":{"rendered":"<p>Heat resistant silicone cap for cleaning InstantVap sublimators after use.<\/p>\n<p>To be used with gloves and mask only!<\/p>\n<p>Residual oxalic acid vapour escapes during cleaning!<\/p>\n<p>Do not use if the device is clogged!<\/p>\n<p>Overpressure is generated in the device during cleaning!<\/p>\n<p>Caution, risk of burns!<\/p>\n<p><strong>Content: 2 pieces of silicone cup<\/strong><\/p>","protected":false},"excerpt":{"rendered":"<p>Kar\u0161\u010diui atsparus kam\u0161tis skirtas i\u0161valyti oksalo garintuv\u0105 po naudojimo. Naudoti tik su pir\u0161tin\u0117m ir kauke! Valymo metu i\u0161eina oksalo r\u016bg\u0161ties garai ! Nenaudoti, jeigu prietaisas yra u\u017esikim\u0161\u0119s ! Valant susidaro didelis spaudimas ! Atsargiai, nudegim\u0173 pavojus ! \u012e komplekt\u0105 \u012feina 2 vnt.<\/p>","protected":false},"featured_media":1128,"template":"","meta":[],"product_brand":[],"product_cat":[70],"product_tag":[80],"class_list":{"0":"post-1090","1":"product","2":"type-product","3":"status-publish","4":"has-post-thumbnail","6":"product_cat-kitos-prekes","7":"product_tag-oksalo-rugsties-garintuvas-ir-priedai","9":"first","10":"instock","11":"taxable","12":"shipping-taxable","13":"purchasable","14":"product-type-simple"},"aioseo_notices":[],"_links":{"self":[{"href":"https:\/\/medsukiai.lt\/en\/wp-json\/wp\/v2\/product\/1090","targetHints":{"allow":["GET"]}}],"collection":[{"href":"https:\/\/medsukiai.lt\/en\/wp-json\/wp\/v2\/product"}],"about":[{"href":"https:\/\/medsukiai.lt\/en\/wp-json\/wp\/v2\/types\/product"}],"wp:featuredmedia":[{"embeddable":true,"href":"https:\/\/medsukiai.lt\/en\/wp-json\/wp\/v2\/media\/1128"}],"wp:attachment":[{"href":"https:\/\/medsukiai.lt\/en\/wp-json\/wp\/v2\/media?parent=1090"}],"wp:term":[{"taxonomy":"product_brand","embeddable":true,"href":"https:\/\/medsukiai.lt\/en\/wp-json\/wp\/v2\/product_brand?post=1090"},{"taxonomy":"product_cat","embeddable":true,"href":"https:\/\/medsukiai.lt\/en\/wp-json\/wp\/v2\/product_cat?post=1090"},{"taxonomy":"product_tag","embeddable":true,"href":"https:\/\/medsukiai.lt\/en\/wp-json\/wp\/v2\/product_tag?post=1090"}],"curies":[{"name":"wp","href":"https:\/\/api.w.org\/{rel}","templated":true}]}}