{"id":1093,"date":"2024-01-21T10:19:27","date_gmt":"2024-01-21T10:19:27","guid":{"rendered":"https:\/\/medsukiai.lt\/?post_type=product&#038;p=1093"},"modified":"2024-02-14T14:43:16","modified_gmt":"2024-02-14T14:43:16","slug":"silikoninis-izoliacinis-vamzdelis-putplascio-aviliams-5-vnt-pak","status":"publish","type":"product","link":"https:\/\/medsukiai.lt\/en\/product\/silikoninis-izoliacinis-vamzdelis-putplascio-aviliams-5-vnt-pak\/","title":{"rendered":"Silicone insulation for polyfoam hives (5pcs\/pack)"},"content":{"rendered":"<p>Silicone insulation for polyfoam hives (5pcs\/pack)<\/p>\n<p>Heat resistant silicone for insulating the outlet pipe.<\/p>\n<p>Contents: 5pcs of silicone insulation per package.<\/p>\n<p>The end of the silicone must be cut to size so that it does not protrude beyond the outlet pipe!<\/p>\n<p>If it overhangs, the oxalic acid may crystallize at the end of the outlet pipe.<\/p>\n<p>&nbsp;<\/p>","protected":false},"excerpt":{"rendered":"<p>Silikoninis izoliacinis vamzdelis putplas\u010dio aviliams (5 vnt.\/pak.) Kar\u0161\u010diui atsparus silikoninis vamzdelis Sud\u0117tis: 5 (vnt\/pak.) Silikono galas turi b\u016bti pripjautas pagal dyd\u012f, kad jis nei\u0161siki\u0161t\u0173 u\u017e i\u0161leidimo vamzd\u017eio! Jei jis i\u0161siki\u0161a, oksalo r\u016bg\u0161tis gali kristalizuotis i\u0161leidimo vamzd\u017eio gale. &nbsp;<\/p>","protected":false},"featured_media":1137,"template":"","meta":[],"product_brand":[],"product_cat":[70],"product_tag":[],"class_list":{"0":"post-1093","1":"product","2":"type-product","3":"status-publish","4":"has-post-thumbnail","6":"product_cat-kitos-prekes","8":"first","9":"instock","10":"taxable","11":"shipping-taxable","12":"purchasable","13":"product-type-simple"},"aioseo_notices":[],"_links":{"self":[{"href":"https:\/\/medsukiai.lt\/en\/wp-json\/wp\/v2\/product\/1093","targetHints":{"allow":["GET"]}}],"collection":[{"href":"https:\/\/medsukiai.lt\/en\/wp-json\/wp\/v2\/product"}],"about":[{"href":"https:\/\/medsukiai.lt\/en\/wp-json\/wp\/v2\/types\/product"}],"wp:featuredmedia":[{"embeddable":true,"href":"https:\/\/medsukiai.lt\/en\/wp-json\/wp\/v2\/media\/1137"}],"wp:attachment":[{"href":"https:\/\/medsukiai.lt\/en\/wp-json\/wp\/v2\/media?parent=1093"}],"wp:term":[{"taxonomy":"product_brand","embeddable":true,"href":"https:\/\/medsukiai.lt\/en\/wp-json\/wp\/v2\/product_brand?post=1093"},{"taxonomy":"product_cat","embeddable":true,"href":"https:\/\/medsukiai.lt\/en\/wp-json\/wp\/v2\/product_cat?post=1093"},{"taxonomy":"product_tag","embeddable":true,"href":"https:\/\/medsukiai.lt\/en\/wp-json\/wp\/v2\/product_tag?post=1093"}],"curies":[{"name":"wp","href":"https:\/\/api.w.org\/{rel}","templated":true}]}}