{"id":1591,"date":"2024-02-07T19:06:20","date_gmt":"2024-02-07T19:06:20","guid":{"rendered":"https:\/\/medsukiai.lt\/?post_type=product&#038;p=1591"},"modified":"2025-04-11T12:53:25","modified_gmt":"2025-04-11T12:53:25","slug":"krano-perejimas-i-zarna","status":"publish","type":"product","link":"https:\/\/medsukiai.lt\/en\/product\/krano-perejimas-i-zarna\/","title":{"rendered":"Faucet transition to hose"},"content":{"rendered":"<p>Krano per\u0117jimas \u012f \u0161lang\u0105<\/p>","protected":false},"excerpt":{"rendered":"<p>Krano per\u0117jimas \u012f \u0161lang\u0105<\/p>","protected":false},"featured_media":1594,"template":"","meta":[],"product_brand":[],"product_cat":[70],"product_tag":[],"class_list":{"0":"post-1591","1":"product","2":"type-product","3":"status-publish","4":"has-post-thumbnail","6":"product_cat-kitos-prekes","8":"first","9":"instock","10":"taxable","11":"shipping-taxable","12":"purchasable","13":"product-type-variable"},"aioseo_notices":[],"_links":{"self":[{"href":"https:\/\/medsukiai.lt\/en\/wp-json\/wp\/v2\/product\/1591","targetHints":{"allow":["GET"]}}],"collection":[{"href":"https:\/\/medsukiai.lt\/en\/wp-json\/wp\/v2\/product"}],"about":[{"href":"https:\/\/medsukiai.lt\/en\/wp-json\/wp\/v2\/types\/product"}],"wp:featuredmedia":[{"embeddable":true,"href":"https:\/\/medsukiai.lt\/en\/wp-json\/wp\/v2\/media\/1594"}],"wp:attachment":[{"href":"https:\/\/medsukiai.lt\/en\/wp-json\/wp\/v2\/media?parent=1591"}],"wp:term":[{"taxonomy":"product_brand","embeddable":true,"href":"https:\/\/medsukiai.lt\/en\/wp-json\/wp\/v2\/product_brand?post=1591"},{"taxonomy":"product_cat","embeddable":true,"href":"https:\/\/medsukiai.lt\/en\/wp-json\/wp\/v2\/product_cat?post=1591"},{"taxonomy":"product_tag","embeddable":true,"href":"https:\/\/medsukiai.lt\/en\/wp-json\/wp\/v2\/product_tag?post=1591"}],"curies":[{"name":"wp","href":"https:\/\/api.w.org\/{rel}","templated":true}]}}