{"id":1814,"date":"2024-03-25T09:57:13","date_gmt":"2024-03-25T09:57:13","guid":{"rendered":"https:\/\/medsukiai.lt\/?post_type=product&#038;p=1814"},"modified":"2025-10-13T10:15:33","modified_gmt":"2025-10-13T10:15:33","slug":"oksalo-rugsties-garintuvas-turbo","status":"publish","type":"product","link":"https:\/\/medsukiai.lt\/en\/product\/oksalo-rugsties-garintuvas-turbo\/","title":{"rendered":"Oksalo r\u016bg\u0161ties garintuvas TURBO"},"content":{"rendered":"<h1><strong>Akumuliatorinis oksalo r\u016bg\u0161ties garintuvas TURBO (sublimatorius)<\/strong><\/h1>\n<ul>\n<li>Battery powered, cordless oxalic acid vaporizer<strong>Batteries or battery chargers are NOT included (the batteries shown in the product photos are only part of the illustration!)<\/strong>)<\/li>\n<li>Power: 18V-20V DC; 400W; 22A<\/li>\n<li>Fast, tool-free adjustable dispenser for up to 1-4 grams<\/li>\n<li>Ergonomic and Robust Stainless-Steel Build: Comfortable handling, no tilting forward, ensuring stability and durability<\/li>\n<li>Apytiksliai reikia 1 Ah, kad prietaisas \u012fkaistu iki darbin\u0117s temperat\u016bros ir tuomet apie 1 Ah galios u\u017etenka 8 x 2 g gydimams esant 20C\u00b0 temperat\u016brai.<\/li>\n<li>With 2 gram doses of oxalic acid, one treatment lasts 20-25 seconds<\/li>\n<li>The device can be compatible with only one type of battery!<\/li>\n<\/ul>\n<p>LED ekranas:<\/p>\n<p>&#8211; rodo temperat\u016br\u0105 ir akumuliatoriaus \u012ftamp\u0105<\/p>\n<p>&#8211; reguliuojama temperat\u016bra nuo 230 iki 260<\/p>\n<p>&#8211; perjungiama tarp C ir F<\/p>\n<p>&#8211; \u012fra\u0161o bendr\u0105 atlikt\u0173 cikl\u0173 skai\u010di\u0173<\/p>\n<p>&#8211; cikl\u0173 skai\u010dius su esama baterija<\/p>\n<p>&#8211; rodo i\u0161sikrovusi\u0105 baterij\u0105<\/p>\n<p>&nbsp;<\/p>\n<p>I\u0161manusis LED indikatorius:<\/p>\n<p>&#8211; L\u0117tas mirks\u0117jimas: \u0161yla<\/p>\n<p>&#8211; Nuolatinis mirks\u0117jimas: paruo\u0161ta dozuoti<\/p>\n<p>&#8211; Greitas mirks\u0117jimas: vyksta garinimas<\/p>\n<p>&#8211; Dvigubas mirks\u0117jimas ir pauz\u0117: i\u0161sikrovusi baterija<\/p>\n<p>]<a style=\"font-weight: bold;\" href=\"https:\/\/medsukiai.lt\/wp-content\/uploads\/2024\/08\/instrukcija-vap-compact-.pdf\" target=\"_blank\" rel=\"noopener\">Naudojimosi instrukcija<\/a><\/p>","protected":false},"excerpt":{"rendered":"<p>The product is new and unused, and complies with the safety requirements set by European Union legislation.<\/p>","protected":false},"featured_media":1824,"template":"","meta":[],"product_brand":[],"product_cat":[53],"product_tag":[61,62,80,63,64,65],"class_list":{"0":"post-1814","1":"product","2":"type-product","3":"status-publish","4":"has-post-thumbnail","6":"product_cat-iranga-bitininkystei","7":"product_tag-akumuliatorinis","8":"product_tag-oksalo-rugsties-garintuvas","9":"product_tag-oksalo-rugsties-garintuvas-ir-priedai","10":"product_tag-sublimator","11":"product_tag-sublimatorius","12":"product_tag-vaporizer","14":"first","15":"instock","16":"taxable","17":"shipping-taxable","18":"purchasable","19":"product-type-variable"},"aioseo_notices":[],"_links":{"self":[{"href":"https:\/\/medsukiai.lt\/en\/wp-json\/wp\/v2\/product\/1814","targetHints":{"allow":["GET"]}}],"collection":[{"href":"https:\/\/medsukiai.lt\/en\/wp-json\/wp\/v2\/product"}],"about":[{"href":"https:\/\/medsukiai.lt\/en\/wp-json\/wp\/v2\/types\/product"}],"wp:featuredmedia":[{"embeddable":true,"href":"https:\/\/medsukiai.lt\/en\/wp-json\/wp\/v2\/media\/1824"}],"wp:attachment":[{"href":"https:\/\/medsukiai.lt\/en\/wp-json\/wp\/v2\/media?parent=1814"}],"wp:term":[{"taxonomy":"product_brand","embeddable":true,"href":"https:\/\/medsukiai.lt\/en\/wp-json\/wp\/v2\/product_brand?post=1814"},{"taxonomy":"product_cat","embeddable":true,"href":"https:\/\/medsukiai.lt\/en\/wp-json\/wp\/v2\/product_cat?post=1814"},{"taxonomy":"product_tag","embeddable":true,"href":"https:\/\/medsukiai.lt\/en\/wp-json\/wp\/v2\/product_tag?post=1814"}],"curies":[{"name":"wp","href":"https:\/\/api.w.org\/{rel}","templated":true}]}}